{"id":1798,"date":"2024-06-06T12:57:29","date_gmt":"2024-06-06T12:57:29","guid":{"rendered":"https:\/\/pawelgibek.pl\/blog\/?page_id=1798"},"modified":"2024-06-06T12:59:32","modified_gmt":"2024-06-06T12:59:32","slug":"kontakt","status":"publish","type":"page","link":"https:\/\/pawelgibek.pl\/blog\/kontakt\/","title":{"rendered":"Kontakt"},"content":{"rendered":"<p>[et_pb_section fb_built=&#8221;1&#8243; admin_label=&#8221;Header&#8221; module_id=&#8221;kontakt&#8221; _builder_version=&#8221;4.25.1&#8243; overflow-x=&#8221;hidden&#8221; overflow-y=&#8221;hidden&#8221; custom_padding=&#8221;5vw||5vw||true|false&#8221; locked=&#8221;off&#8221; global_colors_info=&#8221;{}&#8221; global_module=&#8221;1777&#8243; theme_builder_area=&#8221;post_content&#8221;][et_pb_row column_structure=&#8221;1_2,1_2&#8243; _builder_version=&#8221;4.16&#8243; global_colors_info=&#8221;{}&#8221; theme_builder_area=&#8221;post_content&#8221;][et_pb_column type=&#8221;1_2&#8243; _builder_version=&#8221;4.16&#8243; global_colors_info=&#8221;{}&#8221; theme_builder_area=&#8221;post_content&#8221;][et_pb_image src=&#8221;https:\/\/pawelgibek.pl\/blog\/wp-content\/uploads\/2023\/03\/freelance-writer-05.png&#8221; title_text=&#8221;freelance-writer-05&#8243; _builder_version=&#8221;4.16&#8243; width=&#8221;100%&#8221; custom_margin=&#8221;|||-20vw|false|false&#8221; custom_margin_phone=&#8221;|||-380px|false|false&#8221; custom_margin_last_edited=&#8221;off|desktop&#8221; global_colors_info=&#8221;{}&#8221; theme_builder_area=&#8221;post_content&#8221;][\/et_pb_image][et_pb_text _builder_version=&#8221;4.23.1&#8243; text_font=&#8221;||||||||&#8221; text_text_color=&#8221;rgba(0,0,0,0.04)&#8221; text_font_size=&#8221;28vw&#8221; text_letter_spacing=&#8221;-0.12em&#8221; text_line_height=&#8221;0.5em&#8221; header_font=&#8221;||||||||&#8221; header_2_font=&#8221;||||||||&#8221; header_2_text_color=&#8221;#000000&#8243; positioning=&#8221;absolute&#8221; position_origin_a=&#8221;top_right&#8221; custom_margin=&#8221;12%|-32vw|||false|false&#8221; text_font_size_tablet=&#8221;150px&#8221; text_font_size_phone=&#8221;100px&#8221; text_font_size_last_edited=&#8221;off|phone&#8221; global_colors_info=&#8221;{}&#8221; theme_builder_area=&#8221;post_content&#8221;]<\/p>\n<p>123abc<\/p>\n<p>[\/et_pb_text][et_pb_text _builder_version=&#8221;4.21.0&#8243; header_font=&#8221;Cutive Mono||||||||&#8221; header_text_color=&#8221;#000000&#8243; header_font_size=&#8221;80px&#8221; header_letter_spacing=&#8221;-0.1em&#8221; header_2_font=&#8221;Ubuntu|700|||||||&#8221; header_2_text_color=&#8221;#000000&#8243; header_2_font_size=&#8221;40px&#8221; header_3_font=&#8221;Cutive Mono||||||||&#8221; header_3_font_size=&#8221;80px&#8221; background_image=&#8221;https:\/\/pawelgibek.pl\/blog\/wp-content\/uploads\/2023\/03\/freelance-writer-06.png&#8221; background_size=&#8221;initial&#8221; background_position=&#8221;bottom_left&#8221; z_index=&#8221;1&#8243; max_width=&#8221;800px&#8221; header_font_size_tablet=&#8221;64px&#8221; header_font_size_phone=&#8221;32px&#8221; header_font_size_last_edited=&#8221;on|phone&#8221; header_letter_spacing_tablet=&#8221;-8px&#8221; header_letter_spacing_phone=&#8221;-4px&#8221; header_letter_spacing_last_edited=&#8221;off|tablet&#8221; global_colors_info=&#8221;{}&#8221; theme_builder_area=&#8221;post_content&#8221;]<\/p>\n<h2>Napisz do mnie<\/h2>\n<p>[\/et_pb_text][et_pb_text _builder_version=&#8221;4.23.1&#8243; text_font=&#8221;Ubuntu||||||||&#8221; text_font_size=&#8221;20px&#8221; text_line_height=&#8221;1.8em&#8221; link_text_color=&#8221;#666666&#8243; header_2_text_color=&#8221;#000000&#8243; header_3_font=&#8221;Ubuntu|700|||||||&#8221; header_3_line_height=&#8221;1.5em&#8221; text_font_size_tablet=&#8221;&#8221; text_font_size_phone=&#8221;14px&#8221; text_font_size_last_edited=&#8221;on|phone&#8221; locked=&#8221;off&#8221; global_colors_info=&#8221;{}&#8221; link_text_color__hover=&#8221;#FF4200&#8243; link_text_color__hover_enabled=&#8221;on|desktop&#8221; theme_builder_area=&#8221;post_content&#8221;]Pawe\u0142 pisze&#8230; Pawe\u0142 Gibek<br \/>\nNIP 881-140-57-75<br \/>\nul. Cybi\u0144ska 43\/4<br \/>\n62-020 Swarz\u0119dz<br \/>\nkom. +48 539996994<br \/>\nmail kontakt[ma\u0142pa]pawelgibek.pl[\/et_pb_text][et_pb_social_media_follow icon_color=&#8221;#000000&#8243; _builder_version=&#8221;4.21.0&#8243; locked=&#8221;off&#8221; global_colors_info=&#8221;{}&#8221; theme_builder_area=&#8221;post_content&#8221;][et_pb_social_media_follow_network social_network=&#8221;facebook&#8221; url=&#8221;https:\/\/www.facebook.com\/profile.php?id=100093073016114&#8243; _builder_version=&#8221;4.21.0&#8243; background_enable_color=&#8221;off&#8221; global_colors_info=&#8221;{}&#8221; theme_builder_area=&#8221;post_content&#8221; follow_button=&#8221;off&#8221; url_new_window=&#8221;on&#8221;]facebook[\/et_pb_social_media_follow_network][et_pb_social_media_follow_network social_network=&#8221;instagram&#8221; url=&#8221;https:\/\/www.instagram.com\/pawel_pisze\/&#8221; _builder_version=&#8221;4.21.0&#8243; background_color=&#8221;#ea2c59&#8243; background_enable_color=&#8221;off&#8221; global_colors_info=&#8221;{}&#8221; theme_builder_area=&#8221;post_content&#8221; follow_button=&#8221;off&#8221; url_new_window=&#8221;on&#8221;]instagram[\/et_pb_social_media_follow_network][et_pb_social_media_follow_network social_network=&#8221;linkedin&#8221; url=&#8221;https:\/\/www.linkedin.com\/in\/pawel-gibek\/&#8221; _builder_version=&#8221;4.21.0&#8243; background_enable_color=&#8221;off&#8221; global_colors_info=&#8221;{}&#8221; theme_builder_area=&#8221;post_content&#8221; follow_button=&#8221;off&#8221; url_new_window=&#8221;on&#8221;]linkedin[\/et_pb_social_media_follow_network][\/et_pb_social_media_follow][\/et_pb_column][et_pb_column type=&#8221;1_2&#8243; _builder_version=&#8221;4.16&#8243; global_colors_info=&#8221;{}&#8221; theme_builder_area=&#8221;post_content&#8221;][et_pb_contact_form email=&#8221;kontakt@pawelgibek.pl&#8221; success_message=&#8221;Dzi\u0119kuj\u0119 za wiadomo\u015b\u0107&#8221; submit_button_text=&#8221;WY\u015aLIJ&#8221; _builder_version=&#8221;4.23.1&#8243; _module_preset=&#8221;default&#8221; _unique_id=&#8221;1571a5d6-535b-4e92-ac18-7d6c32ac9291&#8243; form_field_background_color=&#8221;RGBA(255,255,255,0)&#8221; form_field_text_color=&#8221;#000000&#8243; title_font=&#8221;||||||||&#8221; form_field_font=&#8221;Cutive Mono|700|||||||&#8221; custom_button=&#8221;on&#8221; button_text_size=&#8221;22px&#8221; button_text_color=&#8221;#000000&#8243; button_bg_color=&#8221;#fee141&#8243; button_font=&#8221;|700|||||||&#8221; button_use_icon=&#8221;off&#8221; custom_margin=&#8221;100px||||false|false&#8221; border_width_all=&#8221;2px&#8221; border_color_all=&#8221;#000000&#8243; box_shadow_style_button=&#8221;preset4&#8243; box_shadow_color_button=&#8221;#000000&#8243; global_colors_info=&#8221;{}&#8221; theme_builder_area=&#8221;post_content&#8221;][et_pb_contact_field field_id=&#8221;Name&#8221; field_title=&#8221;Imi\u0119&#8221; _builder_version=&#8221;4.21.0&#8243; global_colors_info=&#8221;{}&#8221; button_text_size__hover_enabled=&#8221;off&#8221; button_one_text_size__hover_enabled=&#8221;off&#8221; button_two_text_size__hover_enabled=&#8221;off&#8221; button_text_color__hover_enabled=&#8221;off&#8221; button_one_text_color__hover_enabled=&#8221;off&#8221; button_two_text_color__hover_enabled=&#8221;off&#8221; button_border_width__hover_enabled=&#8221;off&#8221; button_one_border_width__hover_enabled=&#8221;off&#8221; button_two_border_width__hover_enabled=&#8221;off&#8221; button_border_color__hover_enabled=&#8221;off&#8221; button_one_border_color__hover_enabled=&#8221;off&#8221; button_two_border_color__hover_enabled=&#8221;off&#8221; button_border_radius__hover_enabled=&#8221;off&#8221; button_one_border_radius__hover_enabled=&#8221;off&#8221; button_two_border_radius__hover_enabled=&#8221;off&#8221; button_letter_spacing__hover_enabled=&#8221;off&#8221; button_one_letter_spacing__hover_enabled=&#8221;off&#8221; button_two_letter_spacing__hover_enabled=&#8221;off&#8221; button_bg_color__hover_enabled=&#8221;off&#8221; button_one_bg_color__hover_enabled=&#8221;off&#8221; button_two_bg_color__hover_enabled=&#8221;off&#8221; theme_builder_area=&#8221;post_content&#8221;][\/et_pb_contact_field][et_pb_contact_field field_id=&#8221;Email&#8221; field_title=&#8221;Adres mail&#8221; field_type=&#8221;email&#8221; _builder_version=&#8221;4.21.0&#8243; global_colors_info=&#8221;{}&#8221; button_text_size__hover_enabled=&#8221;off&#8221; button_one_text_size__hover_enabled=&#8221;off&#8221; button_two_text_size__hover_enabled=&#8221;off&#8221; button_text_color__hover_enabled=&#8221;off&#8221; button_one_text_color__hover_enabled=&#8221;off&#8221; button_two_text_color__hover_enabled=&#8221;off&#8221; button_border_width__hover_enabled=&#8221;off&#8221; button_one_border_width__hover_enabled=&#8221;off&#8221; button_two_border_width__hover_enabled=&#8221;off&#8221; button_border_color__hover_enabled=&#8221;off&#8221; button_one_border_color__hover_enabled=&#8221;off&#8221; button_two_border_color__hover_enabled=&#8221;off&#8221; button_border_radius__hover_enabled=&#8221;off&#8221; button_one_border_radius__hover_enabled=&#8221;off&#8221; button_two_border_radius__hover_enabled=&#8221;off&#8221; button_letter_spacing__hover_enabled=&#8221;off&#8221; button_one_letter_spacing__hover_enabled=&#8221;off&#8221; button_two_letter_spacing__hover_enabled=&#8221;off&#8221; button_bg_color__hover_enabled=&#8221;off&#8221; button_one_bg_color__hover_enabled=&#8221;off&#8221; button_two_bg_color__hover_enabled=&#8221;off&#8221; theme_builder_area=&#8221;post_content&#8221;][\/et_pb_contact_field][et_pb_contact_field field_id=&#8221;Message&#8221; field_title=&#8221;Tre\u015b\u0107 wiadomo\u015bci&#8221; field_type=&#8221;text&#8221; fullwidth_field=&#8221;on&#8221; _builder_version=&#8221;4.21.0&#8243; global_colors_info=&#8221;{}&#8221; button_text_size__hover_enabled=&#8221;off&#8221; button_one_text_size__hover_enabled=&#8221;off&#8221; button_two_text_size__hover_enabled=&#8221;off&#8221; button_text_color__hover_enabled=&#8221;off&#8221; button_one_text_color__hover_enabled=&#8221;off&#8221; button_two_text_color__hover_enabled=&#8221;off&#8221; button_border_width__hover_enabled=&#8221;off&#8221; button_one_border_width__hover_enabled=&#8221;off&#8221; button_two_border_width__hover_enabled=&#8221;off&#8221; button_border_color__hover_enabled=&#8221;off&#8221; button_one_border_color__hover_enabled=&#8221;off&#8221; button_two_border_color__hover_enabled=&#8221;off&#8221; button_border_radius__hover_enabled=&#8221;off&#8221; button_one_border_radius__hover_enabled=&#8221;off&#8221; button_two_border_radius__hover_enabled=&#8221;off&#8221; button_letter_spacing__hover_enabled=&#8221;off&#8221; button_one_letter_spacing__hover_enabled=&#8221;off&#8221; button_two_letter_spacing__hover_enabled=&#8221;off&#8221; button_bg_color__hover_enabled=&#8221;off&#8221; button_one_bg_color__hover_enabled=&#8221;off&#8221; button_two_bg_color__hover_enabled=&#8221;off&#8221; theme_builder_area=&#8221;post_content&#8221;][\/et_pb_contact_field][\/et_pb_contact_form][\/et_pb_column][\/et_pb_row][\/et_pb_section]<\/p>\n","protected":false},"excerpt":{"rendered":"<p>123abcNapisz do mniePawe\u0142 pisze&#8230; Pawe\u0142 Gibek NIP 881-140-57-75 ul. Cybi\u0144ska 43\/4 62-020 Swarz\u0119dz kom. +48 539996994 mail kontakt[ma\u0142pa]pawelgibek.pl<\/p>\n","protected":false},"author":1,"featured_media":0,"parent":0,"menu_order":0,"comment_status":"closed","ping_status":"closed","template":"","meta":{"_et_pb_use_builder":"on","_et_pb_old_content":"","_et_gb_content_width":"","footnotes":""},"class_list":["post-1798","page","type-page","status-publish","hentry"],"yoast_head":"<!-- This site is optimized with the Yoast SEO plugin v27.0 - https:\/\/yoast.com\/product\/yoast-seo-wordpress\/ -->\n<title>Kontakt - Copywriter | Content Writer | UX Writer<\/title>\n<meta name=\"robots\" content=\"index, follow, max-snippet:-1, max-image-preview:large, max-video-preview:-1\" \/>\n<link rel=\"canonical\" href=\"https:\/\/pawelgibek.pl\/blog\/kontakt\/\" \/>\n<meta property=\"og:locale\" content=\"pl_PL\" \/>\n<meta property=\"og:type\" content=\"article\" \/>\n<meta property=\"og:title\" content=\"Kontakt - Copywriter | Content Writer | UX Writer\" \/>\n<meta property=\"og:description\" content=\"123abcNapisz do mniePawe\u0142 pisze... Pawe\u0142 Gibek NIP 881-140-57-75 ul. Cybi\u0144ska 43\/4 62-020 Swarz\u0119dz kom. +48 539996994 mail kontakt[ma\u0142pa]pawelgibek.pl\" \/>\n<meta property=\"og:url\" content=\"https:\/\/pawelgibek.pl\/blog\/kontakt\/\" \/>\n<meta property=\"og:site_name\" content=\"Copywriter | Content Writer | UX Writer\" \/>\n<meta property=\"article:publisher\" content=\"https:\/\/www.facebook.com\/profile.php?id=100093073016114\" \/>\n<meta property=\"article:modified_time\" content=\"2024-06-06T12:59:32+00:00\" \/>\n<meta name=\"twitter:card\" content=\"summary_large_image\" \/>\n<script type=\"application\/ld+json\" class=\"yoast-schema-graph\">{\"@context\":\"https:\/\/schema.org\",\"@graph\":[{\"@type\":\"WebPage\",\"@id\":\"https:\/\/pawelgibek.pl\/blog\/kontakt\/\",\"url\":\"https:\/\/pawelgibek.pl\/blog\/kontakt\/\",\"name\":\"Kontakt - Copywriter | Content Writer | UX Writer\",\"isPartOf\":{\"@id\":\"https:\/\/pawelgibek.pl\/blog\/#website\"},\"datePublished\":\"2024-06-06T12:57:29+00:00\",\"dateModified\":\"2024-06-06T12:59:32+00:00\",\"breadcrumb\":{\"@id\":\"https:\/\/pawelgibek.pl\/blog\/kontakt\/#breadcrumb\"},\"inLanguage\":\"pl-PL\",\"potentialAction\":[{\"@type\":\"ReadAction\",\"target\":[\"https:\/\/pawelgibek.pl\/blog\/kontakt\/\"]}]},{\"@type\":\"BreadcrumbList\",\"@id\":\"https:\/\/pawelgibek.pl\/blog\/kontakt\/#breadcrumb\",\"itemListElement\":[{\"@type\":\"ListItem\",\"position\":1,\"name\":\"Strona g\u0142\u00f3wna\",\"item\":\"https:\/\/pawelgibek.pl\/blog\/\"},{\"@type\":\"ListItem\",\"position\":2,\"name\":\"Kontakt\"}]},{\"@type\":\"WebSite\",\"@id\":\"https:\/\/pawelgibek.pl\/blog\/#website\",\"url\":\"https:\/\/pawelgibek.pl\/blog\/\",\"name\":\"Copywriter | Content Writer | UX Writer\",\"description\":\"Dobrze napisane\",\"publisher\":{\"@id\":\"https:\/\/pawelgibek.pl\/blog\/#organization\"},\"potentialAction\":[{\"@type\":\"SearchAction\",\"target\":{\"@type\":\"EntryPoint\",\"urlTemplate\":\"https:\/\/pawelgibek.pl\/blog\/?s={search_term_string}\"},\"query-input\":{\"@type\":\"PropertyValueSpecification\",\"valueRequired\":true,\"valueName\":\"search_term_string\"}}],\"inLanguage\":\"pl-PL\"},{\"@type\":\"Organization\",\"@id\":\"https:\/\/pawelgibek.pl\/blog\/#organization\",\"name\":\"Pawe\u0142 pisze... Pawe\u0142 Gibek\",\"url\":\"https:\/\/pawelgibek.pl\/blog\/\",\"logo\":{\"@type\":\"ImageObject\",\"inLanguage\":\"pl-PL\",\"@id\":\"https:\/\/pawelgibek.pl\/blog\/#\/schema\/logo\/image\/\",\"url\":\"https:\/\/pawelgibek.pl\/blog\/wp-content\/uploads\/2023\/07\/emoji-pisze.png\",\"contentUrl\":\"https:\/\/pawelgibek.pl\/blog\/wp-content\/uploads\/2023\/07\/emoji-pisze.png\",\"width\":398,\"height\":398,\"caption\":\"Pawe\u0142 pisze... Pawe\u0142 Gibek\"},\"image\":{\"@id\":\"https:\/\/pawelgibek.pl\/blog\/#\/schema\/logo\/image\/\"},\"sameAs\":[\"https:\/\/www.facebook.com\/profile.php?id=100093073016114\"]}]}<\/script>\n<!-- \/ Yoast SEO plugin. -->","yoast_head_json":{"title":"Kontakt - Copywriter | Content Writer | UX Writer","robots":{"index":"index","follow":"follow","max-snippet":"max-snippet:-1","max-image-preview":"max-image-preview:large","max-video-preview":"max-video-preview:-1"},"canonical":"https:\/\/pawelgibek.pl\/blog\/kontakt\/","og_locale":"pl_PL","og_type":"article","og_title":"Kontakt - Copywriter | Content Writer | UX Writer","og_description":"123abcNapisz do mniePawe\u0142 pisze... Pawe\u0142 Gibek NIP 881-140-57-75 ul. Cybi\u0144ska 43\/4 62-020 Swarz\u0119dz kom. +48 539996994 mail kontakt[ma\u0142pa]pawelgibek.pl","og_url":"https:\/\/pawelgibek.pl\/blog\/kontakt\/","og_site_name":"Copywriter | Content Writer | UX Writer","article_publisher":"https:\/\/www.facebook.com\/profile.php?id=100093073016114","article_modified_time":"2024-06-06T12:59:32+00:00","twitter_card":"summary_large_image","schema":{"@context":"https:\/\/schema.org","@graph":[{"@type":"WebPage","@id":"https:\/\/pawelgibek.pl\/blog\/kontakt\/","url":"https:\/\/pawelgibek.pl\/blog\/kontakt\/","name":"Kontakt - Copywriter | Content Writer | UX Writer","isPartOf":{"@id":"https:\/\/pawelgibek.pl\/blog\/#website"},"datePublished":"2024-06-06T12:57:29+00:00","dateModified":"2024-06-06T12:59:32+00:00","breadcrumb":{"@id":"https:\/\/pawelgibek.pl\/blog\/kontakt\/#breadcrumb"},"inLanguage":"pl-PL","potentialAction":[{"@type":"ReadAction","target":["https:\/\/pawelgibek.pl\/blog\/kontakt\/"]}]},{"@type":"BreadcrumbList","@id":"https:\/\/pawelgibek.pl\/blog\/kontakt\/#breadcrumb","itemListElement":[{"@type":"ListItem","position":1,"name":"Strona g\u0142\u00f3wna","item":"https:\/\/pawelgibek.pl\/blog\/"},{"@type":"ListItem","position":2,"name":"Kontakt"}]},{"@type":"WebSite","@id":"https:\/\/pawelgibek.pl\/blog\/#website","url":"https:\/\/pawelgibek.pl\/blog\/","name":"Copywriter | Content Writer | UX Writer","description":"Dobrze napisane","publisher":{"@id":"https:\/\/pawelgibek.pl\/blog\/#organization"},"potentialAction":[{"@type":"SearchAction","target":{"@type":"EntryPoint","urlTemplate":"https:\/\/pawelgibek.pl\/blog\/?s={search_term_string}"},"query-input":{"@type":"PropertyValueSpecification","valueRequired":true,"valueName":"search_term_string"}}],"inLanguage":"pl-PL"},{"@type":"Organization","@id":"https:\/\/pawelgibek.pl\/blog\/#organization","name":"Pawe\u0142 pisze... Pawe\u0142 Gibek","url":"https:\/\/pawelgibek.pl\/blog\/","logo":{"@type":"ImageObject","inLanguage":"pl-PL","@id":"https:\/\/pawelgibek.pl\/blog\/#\/schema\/logo\/image\/","url":"https:\/\/pawelgibek.pl\/blog\/wp-content\/uploads\/2023\/07\/emoji-pisze.png","contentUrl":"https:\/\/pawelgibek.pl\/blog\/wp-content\/uploads\/2023\/07\/emoji-pisze.png","width":398,"height":398,"caption":"Pawe\u0142 pisze... Pawe\u0142 Gibek"},"image":{"@id":"https:\/\/pawelgibek.pl\/blog\/#\/schema\/logo\/image\/"},"sameAs":["https:\/\/www.facebook.com\/profile.php?id=100093073016114"]}]}},"_links":{"self":[{"href":"https:\/\/pawelgibek.pl\/blog\/wp-json\/wp\/v2\/pages\/1798","targetHints":{"allow":["GET"]}}],"collection":[{"href":"https:\/\/pawelgibek.pl\/blog\/wp-json\/wp\/v2\/pages"}],"about":[{"href":"https:\/\/pawelgibek.pl\/blog\/wp-json\/wp\/v2\/types\/page"}],"author":[{"embeddable":true,"href":"https:\/\/pawelgibek.pl\/blog\/wp-json\/wp\/v2\/users\/1"}],"replies":[{"embeddable":true,"href":"https:\/\/pawelgibek.pl\/blog\/wp-json\/wp\/v2\/comments?post=1798"}],"version-history":[{"count":3,"href":"https:\/\/pawelgibek.pl\/blog\/wp-json\/wp\/v2\/pages\/1798\/revisions"}],"predecessor-version":[{"id":1801,"href":"https:\/\/pawelgibek.pl\/blog\/wp-json\/wp\/v2\/pages\/1798\/revisions\/1801"}],"wp:attachment":[{"href":"https:\/\/pawelgibek.pl\/blog\/wp-json\/wp\/v2\/media?parent=1798"}],"curies":[{"name":"wp","href":"https:\/\/api.w.org\/{rel}","templated":true}]}}